{"id":432,"date":"2023-08-11T00:31:18","date_gmt":"2023-08-11T00:31:18","guid":{"rendered":"https:\/\/taplimeira.com.br\/?page_id=432"},"modified":"2023-08-11T00:38:33","modified_gmt":"2023-08-11T00:38:33","slug":"quem-somos","status":"publish","type":"page","link":"https:\/\/taplimeira.com.br\/?page_id=432","title":{"rendered":"Quem Somos"},"content":{"rendered":"\t\t<div data-elementor-type=\"wp-post\" data-elementor-id=\"432\" class=\"elementor elementor-432\">\n\t\t\t\t\t\t<section class=\"elementor-section elementor-top-section elementor-element elementor-element-xzv1c7c elementor-section-full_width elementor-section-stretched elementor-section-height-default elementor-section-height-default\" data-id=\"xzv1c7c\" data-element_type=\"section\" data-settings=\"{&quot;background_background&quot;:&quot;classic&quot;,&quot;stretch_section&quot;:&quot;section-stretched&quot;}\">\n\t\t\t\t\t\t\t<div class=\"elementor-background-overlay\"><\/div>\n\t\t\t\t\t\t\t<div class=\"elementor-container elementor-column-gap-no\">\n\t\t\t\t\t<div class=\"elementor-column elementor-col-100 elementor-top-column elementor-element elementor-element-13fb230\" data-id=\"13fb230\" data-element_type=\"column\">\n\t\t\t<div class=\"elementor-widget-wrap elementor-element-populated\">\n\t\t\t\t\t\t<div class=\"elementor-element elementor-element-c9947d1 elementor-drop-cap-yes elementor-widget__width-initial elementor-drop-cap-view-default elementor-widget elementor-widget-text-editor\" data-id=\"c9947d1\" data-element_type=\"widget\" data-settings=\"{&quot;drop_cap&quot;:&quot;yes&quot;}\" data-widget_type=\"text-editor.default\">\n\t\t\t\t<div class=\"elementor-widget-container\">\n\t\t\t<style>\/*! elementor - v3.19.0 - 05-02-2024 *\/\n.elementor-widget-text-editor.elementor-drop-cap-view-stacked .elementor-drop-cap{background-color:#69727d;color:#fff}.elementor-widget-text-editor.elementor-drop-cap-view-framed .elementor-drop-cap{color:#69727d;border:3px solid;background-color:transparent}.elementor-widget-text-editor:not(.elementor-drop-cap-view-default) .elementor-drop-cap{margin-top:8px}.elementor-widget-text-editor:not(.elementor-drop-cap-view-default) .elementor-drop-cap-letter{width:1em;height:1em}.elementor-widget-text-editor .elementor-drop-cap{float:left;text-align:center;line-height:1;font-size:50px}.elementor-widget-text-editor .elementor-drop-cap-letter{display:inline-block}<\/style>\t\t\t\t<p>A Taplimeira est\u00e1 situada em Limeira &#8211; SP desde 2013, tendo como caracter\u00edstica o bom atendimento e a satisfa\u00e7\u00e3o de seus clientes.<\/p><p>Os nossos servi\u00e7os s\u00e3o executados por profissionais treinados e capacitados na \u00e1rea, sendo este um dos motivos da \u00f3tima qualidade de nossos produtos.<\/p><p>Gra\u00e7as ao constante aprimoramento de nossos colaboradores, a Taplimeira vem conquistando o reconhecimento e confian\u00e7a no mercado.<\/p>\t\t\t\t\t\t<\/div>\n\t\t\t\t<\/div>\n\t\t\t\t\t<\/div>\n\t\t<\/div>\n\t\t\t\t\t<\/div>\n\t\t<\/section>\n\t\t\t\t<\/div>\n\t\t","protected":false},"excerpt":{"rendered":"<p>A Taplimeira est\u00e1 situada em Limeira &#8211; SP desde 2013, tendo como caracter\u00edstica o bom atendimento e a satisfa\u00e7\u00e3o de seus clientes. Os nossos servi\u00e7os s\u00e3o executados por profissionais treinados e capacitados na \u00e1rea, sendo este um dos motivos da \u00f3tima qualidade de nossos produtos. Gra\u00e7as ao constante aprimoramento de nossos colaboradores, a Taplimeira vem [&hellip;]<\/p>\n","protected":false},"author":1,"featured_media":0,"parent":0,"menu_order":0,"comment_status":"closed","ping_status":"closed","template":"","meta":{"footnotes":""},"class_list":["post-432","page","type-page","status-publish","hentry","entry"],"yoast_head":"<!-- This site is optimized with the Yoast SEO plugin v21.5 - https:\/\/yoast.com\/wordpress\/plugins\/seo\/ -->\n<title>Quem Somos - Tap Limeira | Tapetes Personalizados<\/title>\n<meta name=\"robots\" content=\"index, follow, max-snippet:-1, max-image-preview:large, max-video-preview:-1\" \/>\n<link rel=\"canonical\" href=\"https:\/\/taplimeira.com.br\/?page_id=432\" \/>\n<meta property=\"og:locale\" content=\"pt_BR\" \/>\n<meta property=\"og:type\" content=\"article\" \/>\n<meta property=\"og:title\" content=\"Quem Somos - Tap Limeira | Tapetes Personalizados\" \/>\n<meta property=\"og:description\" content=\"A Taplimeira est\u00e1 situada em Limeira &#8211; SP desde 2013, tendo como caracter\u00edstica o bom atendimento e a satisfa\u00e7\u00e3o de seus clientes. Os nossos servi\u00e7os s\u00e3o executados por profissionais treinados e capacitados na \u00e1rea, sendo este um dos motivos da \u00f3tima qualidade de nossos produtos. Gra\u00e7as ao constante aprimoramento de nossos colaboradores, a Taplimeira vem [&hellip;]\" \/>\n<meta property=\"og:url\" content=\"https:\/\/taplimeira.com.br\/?page_id=432\" \/>\n<meta property=\"og:site_name\" content=\"Tap Limeira | Tapetes Personalizados\" \/>\n<meta property=\"article:publisher\" content=\"https:\/\/www.facebook.com\/Taplimeira\" \/>\n<meta property=\"article:modified_time\" content=\"2023-08-11T00:38:33+00:00\" \/>\n<meta name=\"twitter:card\" content=\"summary_large_image\" \/>\n<meta name=\"twitter:label1\" content=\"Est. tempo de leitura\" \/>\n\t<meta name=\"twitter:data1\" content=\"1 minuto\" \/>\n<script type=\"application\/ld+json\" class=\"yoast-schema-graph\">{\"@context\":\"https:\/\/schema.org\",\"@graph\":[{\"@type\":\"WebPage\",\"@id\":\"https:\/\/taplimeira.com.br\/?page_id=432\",\"url\":\"https:\/\/taplimeira.com.br\/?page_id=432\",\"name\":\"Quem Somos - Tap Limeira | Tapetes Personalizados\",\"isPartOf\":{\"@id\":\"https:\/\/taplimeira.com.br\/#website\"},\"datePublished\":\"2023-08-11T00:31:18+00:00\",\"dateModified\":\"2023-08-11T00:38:33+00:00\",\"breadcrumb\":{\"@id\":\"https:\/\/taplimeira.com.br\/?page_id=432#breadcrumb\"},\"inLanguage\":\"pt-BR\",\"potentialAction\":[{\"@type\":\"ReadAction\",\"target\":[\"https:\/\/taplimeira.com.br\/?page_id=432\"]}]},{\"@type\":\"BreadcrumbList\",\"@id\":\"https:\/\/taplimeira.com.br\/?page_id=432#breadcrumb\",\"itemListElement\":[{\"@type\":\"ListItem\",\"position\":1,\"name\":\"Home\",\"item\":\"https:\/\/taplimeira.com.br\/\"},{\"@type\":\"ListItem\",\"position\":2,\"name\":\"Quem Somos\"}]},{\"@type\":\"WebSite\",\"@id\":\"https:\/\/taplimeira.com.br\/#website\",\"url\":\"https:\/\/taplimeira.com.br\/\",\"name\":\"Tap Limeira | Tapetes Personalizados\",\"description\":\"Impressione as visitas desde a chegada personalizando o tapete da sua empresa.\",\"publisher\":{\"@id\":\"https:\/\/taplimeira.com.br\/#organization\"},\"potentialAction\":[{\"@type\":\"SearchAction\",\"target\":{\"@type\":\"EntryPoint\",\"urlTemplate\":\"https:\/\/taplimeira.com.br\/?s={search_term_string}\"},\"query-input\":\"required name=search_term_string\"}],\"inLanguage\":\"pt-BR\"},{\"@type\":\"Organization\",\"@id\":\"https:\/\/taplimeira.com.br\/#organization\",\"name\":\"Tap Limeira | Tapetes Personalizados\",\"url\":\"https:\/\/taplimeira.com.br\/\",\"logo\":{\"@type\":\"ImageObject\",\"inLanguage\":\"pt-BR\",\"@id\":\"https:\/\/taplimeira.com.br\/#\/schema\/logo\/image\/\",\"url\":\"https:\/\/taplimeira.com.br\/wp-content\/uploads\/2023\/08\/cropped-LOGOTIPO-branco-TAPLIMEIRA-300x80-300dpi-pequen-1.png\",\"contentUrl\":\"https:\/\/taplimeira.com.br\/wp-content\/uploads\/2023\/08\/cropped-LOGOTIPO-branco-TAPLIMEIRA-300x80-300dpi-pequen-1.png\",\"width\":242,\"height\":66,\"caption\":\"Tap Limeira | Tapetes Personalizados\"},\"image\":{\"@id\":\"https:\/\/taplimeira.com.br\/#\/schema\/logo\/image\/\"},\"sameAs\":[\"https:\/\/www.facebook.com\/Taplimeira\",\"https:\/\/www.instagram.com\/taplimeira\"]}]}<\/script>\n<!-- \/ Yoast SEO plugin. -->","yoast_head_json":{"title":"Quem Somos - Tap Limeira | Tapetes Personalizados","robots":{"index":"index","follow":"follow","max-snippet":"max-snippet:-1","max-image-preview":"max-image-preview:large","max-video-preview":"max-video-preview:-1"},"canonical":"https:\/\/taplimeira.com.br\/?page_id=432","og_locale":"pt_BR","og_type":"article","og_title":"Quem Somos - Tap Limeira | Tapetes Personalizados","og_description":"A Taplimeira est\u00e1 situada em Limeira &#8211; SP desde 2013, tendo como caracter\u00edstica o bom atendimento e a satisfa\u00e7\u00e3o de seus clientes. Os nossos servi\u00e7os s\u00e3o executados por profissionais treinados e capacitados na \u00e1rea, sendo este um dos motivos da \u00f3tima qualidade de nossos produtos. Gra\u00e7as ao constante aprimoramento de nossos colaboradores, a Taplimeira vem [&hellip;]","og_url":"https:\/\/taplimeira.com.br\/?page_id=432","og_site_name":"Tap Limeira | Tapetes Personalizados","article_publisher":"https:\/\/www.facebook.com\/Taplimeira","article_modified_time":"2023-08-11T00:38:33+00:00","twitter_card":"summary_large_image","twitter_misc":{"Est. tempo de leitura":"1 minuto"},"schema":{"@context":"https:\/\/schema.org","@graph":[{"@type":"WebPage","@id":"https:\/\/taplimeira.com.br\/?page_id=432","url":"https:\/\/taplimeira.com.br\/?page_id=432","name":"Quem Somos - Tap Limeira | Tapetes Personalizados","isPartOf":{"@id":"https:\/\/taplimeira.com.br\/#website"},"datePublished":"2023-08-11T00:31:18+00:00","dateModified":"2023-08-11T00:38:33+00:00","breadcrumb":{"@id":"https:\/\/taplimeira.com.br\/?page_id=432#breadcrumb"},"inLanguage":"pt-BR","potentialAction":[{"@type":"ReadAction","target":["https:\/\/taplimeira.com.br\/?page_id=432"]}]},{"@type":"BreadcrumbList","@id":"https:\/\/taplimeira.com.br\/?page_id=432#breadcrumb","itemListElement":[{"@type":"ListItem","position":1,"name":"Home","item":"https:\/\/taplimeira.com.br\/"},{"@type":"ListItem","position":2,"name":"Quem Somos"}]},{"@type":"WebSite","@id":"https:\/\/taplimeira.com.br\/#website","url":"https:\/\/taplimeira.com.br\/","name":"Tap Limeira | Tapetes Personalizados","description":"Impressione as visitas desde a chegada personalizando o tapete da sua empresa.","publisher":{"@id":"https:\/\/taplimeira.com.br\/#organization"},"potentialAction":[{"@type":"SearchAction","target":{"@type":"EntryPoint","urlTemplate":"https:\/\/taplimeira.com.br\/?s={search_term_string}"},"query-input":"required name=search_term_string"}],"inLanguage":"pt-BR"},{"@type":"Organization","@id":"https:\/\/taplimeira.com.br\/#organization","name":"Tap Limeira | Tapetes Personalizados","url":"https:\/\/taplimeira.com.br\/","logo":{"@type":"ImageObject","inLanguage":"pt-BR","@id":"https:\/\/taplimeira.com.br\/#\/schema\/logo\/image\/","url":"https:\/\/taplimeira.com.br\/wp-content\/uploads\/2023\/08\/cropped-LOGOTIPO-branco-TAPLIMEIRA-300x80-300dpi-pequen-1.png","contentUrl":"https:\/\/taplimeira.com.br\/wp-content\/uploads\/2023\/08\/cropped-LOGOTIPO-branco-TAPLIMEIRA-300x80-300dpi-pequen-1.png","width":242,"height":66,"caption":"Tap Limeira | Tapetes Personalizados"},"image":{"@id":"https:\/\/taplimeira.com.br\/#\/schema\/logo\/image\/"},"sameAs":["https:\/\/www.facebook.com\/Taplimeira","https:\/\/www.instagram.com\/taplimeira"]}]}},"_links":{"self":[{"href":"https:\/\/taplimeira.com.br\/index.php?rest_route=\/wp\/v2\/pages\/432","targetHints":{"allow":["GET"]}}],"collection":[{"href":"https:\/\/taplimeira.com.br\/index.php?rest_route=\/wp\/v2\/pages"}],"about":[{"href":"https:\/\/taplimeira.com.br\/index.php?rest_route=\/wp\/v2\/types\/page"}],"author":[{"embeddable":true,"href":"https:\/\/taplimeira.com.br\/index.php?rest_route=\/wp\/v2\/users\/1"}],"replies":[{"embeddable":true,"href":"https:\/\/taplimeira.com.br\/index.php?rest_route=%2Fwp%2Fv2%2Fcomments&post=432"}],"version-history":[{"count":7,"href":"https:\/\/taplimeira.com.br\/index.php?rest_route=\/wp\/v2\/pages\/432\/revisions"}],"predecessor-version":[{"id":440,"href":"https:\/\/taplimeira.com.br\/index.php?rest_route=\/wp\/v2\/pages\/432\/revisions\/440"}],"wp:attachment":[{"href":"https:\/\/taplimeira.com.br\/index.php?rest_route=%2Fwp%2Fv2%2Fmedia&parent=432"}],"curies":[{"name":"wp","href":"https:\/\/api.w.org\/{rel}","templated":true}]}}