{"id":508,"date":"2023-08-11T01:36:52","date_gmt":"2023-08-11T01:36:52","guid":{"rendered":"https:\/\/taplimeira.com.br\/?page_id=508"},"modified":"2023-08-19T18:59:14","modified_gmt":"2023-08-19T18:59:14","slug":"tapete-piso-pastilhado","status":"publish","type":"page","link":"https:\/\/taplimeira.com.br\/?page_id=508","title":{"rendered":"Piso Pastilhado"},"content":{"rendered":"\t\t<div data-elementor-type=\"wp-post\" data-elementor-id=\"508\" class=\"elementor elementor-508\">\n\t\t\t\t\t\t<section class=\"elementor-section elementor-top-section elementor-element elementor-element-b8f3f79 elementor-section-boxed elementor-section-height-default elementor-section-height-default\" data-id=\"b8f3f79\" data-element_type=\"section\" data-settings=\"{&quot;background_background&quot;:&quot;classic&quot;}\">\n\t\t\t\t\t\t\t<div class=\"elementor-background-overlay\"><\/div>\n\t\t\t\t\t\t\t<div class=\"elementor-container elementor-column-gap-default\">\n\t\t\t\t\t<div class=\"elementor-column elementor-col-100 elementor-top-column elementor-element elementor-element-11e2f7a\" data-id=\"11e2f7a\" data-element_type=\"column\">\n\t\t\t<div class=\"elementor-widget-wrap elementor-element-populated\">\n\t\t\t\t\t\t<div class=\"elementor-element elementor-element-a289ee4 elementor-widget elementor-widget-spacer\" data-id=\"a289ee4\" data-element_type=\"widget\" data-widget_type=\"spacer.default\">\n\t\t\t\t<div class=\"elementor-widget-container\">\n\t\t\t<style>\/*! elementor - v3.19.0 - 05-02-2024 *\/\n.elementor-column .elementor-spacer-inner{height:var(--spacer-size)}.e-con{--container-widget-width:100%}.e-con-inner>.elementor-widget-spacer,.e-con>.elementor-widget-spacer{width:var(--container-widget-width,var(--spacer-size));--align-self:var(--container-widget-align-self,initial);--flex-shrink:0}.e-con-inner>.elementor-widget-spacer>.elementor-widget-container,.e-con>.elementor-widget-spacer>.elementor-widget-container{height:100%;width:100%}.e-con-inner>.elementor-widget-spacer>.elementor-widget-container>.elementor-spacer,.e-con>.elementor-widget-spacer>.elementor-widget-container>.elementor-spacer{height:100%}.e-con-inner>.elementor-widget-spacer>.elementor-widget-container>.elementor-spacer>.elementor-spacer-inner,.e-con>.elementor-widget-spacer>.elementor-widget-container>.elementor-spacer>.elementor-spacer-inner{height:var(--container-widget-height,var(--spacer-size))}.e-con-inner>.elementor-widget-spacer.elementor-widget-empty,.e-con>.elementor-widget-spacer.elementor-widget-empty{position:relative;min-height:22px;min-width:22px}.e-con-inner>.elementor-widget-spacer.elementor-widget-empty .elementor-widget-empty-icon,.e-con>.elementor-widget-spacer.elementor-widget-empty .elementor-widget-empty-icon{position:absolute;top:0;bottom:0;left:0;right:0;margin:auto;padding:0;width:22px;height:22px}<\/style>\t\t<div class=\"elementor-spacer\">\n\t\t\t<div class=\"elementor-spacer-inner\"><\/div>\n\t\t<\/div>\n\t\t\t\t<\/div>\n\t\t\t\t<\/div>\n\t\t\t\t<div class=\"elementor-element elementor-element-59050e2 elementor-widget elementor-widget-heading\" data-id=\"59050e2\" data-element_type=\"widget\" data-widget_type=\"heading.default\">\n\t\t\t\t<div class=\"elementor-widget-container\">\n\t\t\t<style>\/*! elementor - v3.19.0 - 05-02-2024 *\/\n.elementor-heading-title{padding:0;margin:0;line-height:1}.elementor-widget-heading .elementor-heading-title[class*=elementor-size-]>a{color:inherit;font-size:inherit;line-height:inherit}.elementor-widget-heading .elementor-heading-title.elementor-size-small{font-size:15px}.elementor-widget-heading .elementor-heading-title.elementor-size-medium{font-size:19px}.elementor-widget-heading .elementor-heading-title.elementor-size-large{font-size:29px}.elementor-widget-heading .elementor-heading-title.elementor-size-xl{font-size:39px}.elementor-widget-heading .elementor-heading-title.elementor-size-xxl{font-size:59px}<\/style><h1 class=\"elementor-heading-title elementor-size-large\">PISO PASTILHADO<\/h1>\t\t<\/div>\n\t\t\t\t<\/div>\n\t\t\t\t<div class=\"elementor-element elementor-element-9f01ebb elementor-widget__width-inherit elementor-widget elementor-widget-text-editor\" data-id=\"9f01ebb\" data-element_type=\"widget\" data-widget_type=\"text-editor.default\">\n\t\t\t\t<div class=\"elementor-widget-container\">\n\t\t\t<style>\/*! elementor - v3.19.0 - 05-02-2024 *\/\n.elementor-widget-text-editor.elementor-drop-cap-view-stacked .elementor-drop-cap{background-color:#69727d;color:#fff}.elementor-widget-text-editor.elementor-drop-cap-view-framed .elementor-drop-cap{color:#69727d;border:3px solid;background-color:transparent}.elementor-widget-text-editor:not(.elementor-drop-cap-view-default) .elementor-drop-cap{margin-top:8px}.elementor-widget-text-editor:not(.elementor-drop-cap-view-default) .elementor-drop-cap-letter{width:1em;height:1em}.elementor-widget-text-editor .elementor-drop-cap{float:left;text-align:center;line-height:1;font-size:50px}.elementor-widget-text-editor .elementor-drop-cap-letter{display:inline-block}<\/style>\t\t\t\t<p>O piso pastilhado, tamb\u00e9m conhecido como piso moeda \u00e9 fabricado com borracha antiderrapante e pode, portanto, ser utilizado em locais onde exista a possibilidade de presen\u00e7a de \u00e1gua, como academias ou clubes, por exemplo, pois sua superf\u00edcie \u00e9 bem aderente, diminuindo assim, qualquer risco de queda. O piso pastilhado \u00e9 um produto bastante conhecido no mercado por possuir \u00f3timo custo-benef\u00edcio.<\/p>\t\t\t\t\t\t<\/div>\n\t\t\t\t<\/div>\n\t\t\t\t\t<\/div>\n\t\t<\/div>\n\t\t\t\t\t<\/div>\n\t\t<\/section>\n\t\t\t\t<section class=\"elementor-section elementor-top-section elementor-element elementor-element-af8acc0 elementor-section-boxed elementor-section-height-default elementor-section-height-default\" data-id=\"af8acc0\" data-element_type=\"section\" data-settings=\"{&quot;background_background&quot;:&quot;classic&quot;}\">\n\t\t\t\t\t\t\t<div class=\"elementor-background-overlay\"><\/div>\n\t\t\t\t\t\t\t<div class=\"elementor-container elementor-column-gap-default\">\n\t\t\t\t\t<div class=\"elementor-column elementor-col-50 elementor-top-column elementor-element elementor-element-bd54299\" data-id=\"bd54299\" data-element_type=\"column\">\n\t\t\t<div class=\"elementor-widget-wrap elementor-element-populated\">\n\t\t\t\t\t\t<div class=\"elementor-element elementor-element-696fc09 elementor-widget elementor-widget-image\" data-id=\"696fc09\" data-element_type=\"widget\" data-widget_type=\"image.default\">\n\t\t\t\t<div class=\"elementor-widget-container\">\n\t\t\t<style>\/*! elementor - v3.19.0 - 05-02-2024 *\/\n.elementor-widget-image{text-align:center}.elementor-widget-image a{display:inline-block}.elementor-widget-image a img[src$=\".svg\"]{width:48px}.elementor-widget-image img{vertical-align:middle;display:inline-block}<\/style>\t\t\t\t\t\t\t\t\t\t\t<a href=\"https:\/\/taplimeira.com.br\/wp-content\/uploads\/2023\/08\/piso-pastilhado-03.webp\" data-elementor-open-lightbox=\"yes\" data-elementor-lightbox-title=\"piso-pastilhado-03\" data-e-action-hash=\"#elementor-action%3Aaction%3Dlightbox%26settings%3DeyJpZCI6NTEwLCJ1cmwiOiJodHRwczpcL1wvdGFwbGltZWlyYS5jb20uYnJcL3dwLWNvbnRlbnRcL3VwbG9hZHNcLzIwMjNcLzA4XC9waXNvLXBhc3RpbGhhZG8tMDMud2VicCJ9\">\n\t\t\t\t\t\t\t<img fetchpriority=\"high\" decoding=\"async\" width=\"326\" height=\"229\" src=\"https:\/\/taplimeira.com.br\/wp-content\/uploads\/2023\/08\/piso-pastilhado-03.webp\" class=\"attachment-full size-full wp-image-510\" alt=\"\" srcset=\"https:\/\/taplimeira.com.br\/wp-content\/uploads\/2023\/08\/piso-pastilhado-03.webp 326w, https:\/\/taplimeira.com.br\/wp-content\/uploads\/2023\/08\/piso-pastilhado-03-300x211.webp 300w\" sizes=\"(max-width: 326px) 100vw, 326px\" \/>\t\t\t\t\t\t\t\t<\/a>\n\t\t\t\t\t\t\t\t\t\t\t\t\t<\/div>\n\t\t\t\t<\/div>\n\t\t\t\t\t<\/div>\n\t\t<\/div>\n\t\t\t\t<div class=\"elementor-column elementor-col-50 elementor-top-column elementor-element elementor-element-c807cda\" data-id=\"c807cda\" data-element_type=\"column\">\n\t\t\t<div class=\"elementor-widget-wrap elementor-element-populated\">\n\t\t\t\t\t\t<div class=\"elementor-element elementor-element-2704d1d elementor-widget elementor-widget-image\" data-id=\"2704d1d\" data-element_type=\"widget\" data-widget_type=\"image.default\">\n\t\t\t\t<div class=\"elementor-widget-container\">\n\t\t\t\t\t\t\t\t\t\t\t\t\t\t<a href=\"https:\/\/taplimeira.com.br\/wp-content\/uploads\/2023\/08\/piso-pastilhado-apos-limpeza.webp\" data-elementor-open-lightbox=\"yes\" data-elementor-lightbox-title=\"piso-pastilhado-apos-limpeza\" data-e-action-hash=\"#elementor-action%3Aaction%3Dlightbox%26settings%3DeyJpZCI6NTExLCJ1cmwiOiJodHRwczpcL1wvdGFwbGltZWlyYS5jb20uYnJcL3dwLWNvbnRlbnRcL3VwbG9hZHNcLzIwMjNcLzA4XC9waXNvLXBhc3RpbGhhZG8tYXBvcy1saW1wZXphLndlYnAifQ%3D%3D\">\n\t\t\t\t\t\t\t<img decoding=\"async\" width=\"419\" height=\"200\" src=\"https:\/\/taplimeira.com.br\/wp-content\/uploads\/2023\/08\/piso-pastilhado-apos-limpeza.webp\" class=\"attachment-full size-full wp-image-511\" alt=\"\" srcset=\"https:\/\/taplimeira.com.br\/wp-content\/uploads\/2023\/08\/piso-pastilhado-apos-limpeza.webp 419w, https:\/\/taplimeira.com.br\/wp-content\/uploads\/2023\/08\/piso-pastilhado-apos-limpeza-300x143.webp 300w\" sizes=\"(max-width: 419px) 100vw, 419px\" \/>\t\t\t\t\t\t\t\t<\/a>\n\t\t\t\t\t\t\t\t\t\t\t\t\t<\/div>\n\t\t\t\t<\/div>\n\t\t\t\t\t<\/div>\n\t\t<\/div>\n\t\t\t\t\t<\/div>\n\t\t<\/section>\n\t\t\t\t<section class=\"elementor-section elementor-top-section elementor-element elementor-element-4e4d69a elementor-section-boxed elementor-section-height-default elementor-section-height-default\" data-id=\"4e4d69a\" data-element_type=\"section\" data-settings=\"{&quot;background_background&quot;:&quot;classic&quot;}\">\n\t\t\t\t\t\t<div class=\"elementor-container elementor-column-gap-default\">\n\t\t\t\t\t<div class=\"elementor-column elementor-col-100 elementor-top-column elementor-element elementor-element-cdd82b5\" data-id=\"cdd82b5\" data-element_type=\"column\">\n\t\t\t<div class=\"elementor-widget-wrap elementor-element-populated\">\n\t\t\t\t\t\t<div class=\"elementor-element elementor-element-cd23fb1 elementor-widget elementor-widget-spacer\" data-id=\"cd23fb1\" data-element_type=\"widget\" data-widget_type=\"spacer.default\">\n\t\t\t\t<div class=\"elementor-widget-container\">\n\t\t\t\t\t<div class=\"elementor-spacer\">\n\t\t\t<div class=\"elementor-spacer-inner\"><\/div>\n\t\t<\/div>\n\t\t\t\t<\/div>\n\t\t\t\t<\/div>\n\t\t\t\t<div class=\"elementor-element elementor-element-c0d0bf7 elementor-widget elementor-widget-heading\" data-id=\"c0d0bf7\" data-element_type=\"widget\" data-widget_type=\"heading.default\">\n\t\t\t\t<div class=\"elementor-widget-container\">\n\t\t\t<h2 class=\"elementor-heading-title elementor-size-default\"><h2 data-elementor-setting-key=\"title\" data-pen-placeholder=\"Digite aqui...\" style=\"font-variant-ligatures: normal; font-variant-caps: normal; font-style: normal;\"><\/h2><h2 data-elementor-setting-key=\"title\" data-pen-placeholder=\"Digite aqui...\" style=\"font-variant-ligatures: normal; font-variant-caps: normal; font-size: 25px; font-style: normal; color: var( --e-global-color-eea9a65 );\">Preencha o Formul\u00e1rio abaixo e receba um or\u00e7amento rapidamente:<\/h2><\/h2>\t\t<\/div>\n\t\t\t\t<\/div>\n\t\t\t\t\t<\/div>\n\t\t<\/div>\n\t\t\t\t\t<\/div>\n\t\t<\/section>\n\t\t\t\t<section class=\"elementor-section elementor-top-section elementor-element elementor-element-1c27d56 elementor-section-boxed elementor-section-height-default elementor-section-height-default\" data-id=\"1c27d56\" data-element_type=\"section\" data-settings=\"{&quot;background_background&quot;:&quot;classic&quot;}\">\n\t\t\t\t\t\t<div class=\"elementor-container elementor-column-gap-default\">\n\t\t\t\t\t<div class=\"elementor-column elementor-col-100 elementor-top-column elementor-element elementor-element-7ac27e8\" data-id=\"7ac27e8\" data-element_type=\"column\">\n\t\t\t<div class=\"elementor-widget-wrap elementor-element-populated\">\n\t\t\t\t\t\t<div class=\"elementor-element elementor-element-7481979 elementor-widget elementor-widget-wpforms\" data-id=\"7481979\" data-element_type=\"widget\" data-widget_type=\"wpforms.default\">\n\t\t\t\t<div class=\"elementor-widget-container\">\n\t\t\t<style id=\"wpforms-css-vars-root\">\n\t\t\t\t:root {\n\t\t\t\t\t--wpforms-field-border-radius: 3px;\n--wpforms-field-background-color: #ffffff;\n--wpforms-field-border-color: rgba( 0, 0, 0, 0.25 );\n--wpforms-field-text-color: rgba( 0, 0, 0, 0.7 );\n--wpforms-label-color: rgba( 0, 0, 0, 0.85 );\n--wpforms-label-sublabel-color: rgba( 0, 0, 0, 0.55 );\n--wpforms-label-error-color: #d63637;\n--wpforms-button-border-radius: 3px;\n--wpforms-button-background-color: #066aab;\n--wpforms-button-text-color: #ffffff;\n--wpforms-field-size-input-height: 43px;\n--wpforms-field-size-input-spacing: 15px;\n--wpforms-field-size-font-size: 16px;\n--wpforms-field-size-line-height: 19px;\n--wpforms-field-size-padding-h: 14px;\n--wpforms-field-size-checkbox-size: 16px;\n--wpforms-field-size-sublabel-spacing: 5px;\n--wpforms-field-size-icon-size: 1;\n--wpforms-label-size-font-size: 16px;\n--wpforms-label-size-line-height: 19px;\n--wpforms-label-size-sublabel-font-size: 14px;\n--wpforms-label-size-sublabel-line-height: 17px;\n--wpforms-button-size-font-size: 17px;\n--wpforms-button-size-height: 41px;\n--wpforms-button-size-padding-h: 15px;\n--wpforms-button-size-margin-top: 10px;\n\n\t\t\t\t}\n\t\t\t<\/style><style id=\"wpforms-css-vars-elementor-widget-7481979\">\n\t\t\t\t.elementor-widget-wpforms.elementor-element-7481979 {\n\t\t\t\t\t--wpforms-field-size-input-height: 43px;\n--wpforms-field-size-input-spacing: 15px;\n--wpforms-field-size-font-size: 16px;\n--wpforms-field-size-line-height: 19px;\n--wpforms-field-size-padding-h: 14px;\n--wpforms-field-size-checkbox-size: 16px;\n--wpforms-field-size-sublabel-spacing: 5px;\n--wpforms-field-size-icon-size: 1;\n--wpforms-label-size-font-size: 16px;\n--wpforms-label-size-line-height: 19px;\n--wpforms-label-size-sublabel-font-size: 14px;\n--wpforms-label-size-sublabel-line-height: 17px;\n--wpforms-button-size-font-size: 17px;\n--wpforms-button-size-height: 41px;\n--wpforms-button-size-padding-h: 15px;\n--wpforms-button-size-margin-top: 10px;\n\n\t\t\t\t}\n\t\t\t<\/style><div class=\"wpforms-container wpforms-container-full wpforms-render-modern\" id=\"wpforms-799\"><form id=\"wpforms-form-799\" class=\"wpforms-validate wpforms-form wpforms-ajax-form\" data-formid=\"799\" method=\"post\" enctype=\"multipart\/form-data\" action=\"\/index.php?rest_route=%2Fwp%2Fv2%2Fpages%2F508\" data-token=\"e765bb47d0e8058e0d7f68784f9d69f3\"><noscript class=\"wpforms-error-noscript\">Ative o JavaScript no seu navegador para preencher este formul\u00e1rio.<\/noscript><div class=\"wpforms-hidden\" id=\"wpforms-error-noscript\">Ative o JavaScript no seu navegador para preencher este formul\u00e1rio.<\/div><div class=\"wpforms-field-container\"><div id=\"wpforms-799-field_0-container\" class=\"wpforms-field wpforms-field-name\" data-field-id=\"0\"><label class=\"wpforms-field-label\" for=\"wpforms-799-field_0\">Nome <span class=\"wpforms-required-label\" aria-hidden=\"true\">*<\/span><\/label><input type=\"text\" id=\"wpforms-799-field_0\" class=\"wpforms-field-medium wpforms-field-required\" name=\"wpforms[fields][0]\" aria-errormessage=\"wpforms-799-field_0-error\" required><\/div><div id=\"wpforms-799-field_4-container\" class=\"wpforms-field wpforms-field-text\" data-field-id=\"4\"><label class=\"wpforms-field-label\" for=\"wpforms-799-field_4\">E-mail <span class=\"wpforms-required-label\" aria-hidden=\"true\">*<\/span><\/label><input type=\"text\" id=\"wpforms-799-field_4\" class=\"wpforms-field-medium wpforms-field-required\" name=\"wpforms[fields][4]\" aria-errormessage=\"wpforms-799-field_4-error\" required><\/div><div id=\"wpforms-799-field_3-container\" class=\"wpforms-field wpforms-field-text\" data-field-id=\"3\"><label class=\"wpforms-field-label\" for=\"wpforms-799-field_3\">Telefone <span class=\"wpforms-required-label\" aria-hidden=\"true\">*<\/span><\/label><input type=\"text\" id=\"wpforms-799-field_3\" class=\"wpforms-field-medium wpforms-field-required\" name=\"wpforms[fields][3]\" aria-errormessage=\"wpforms-799-field_3-error\" required><\/div><div id=\"wpforms-799-field_2-container\" class=\"wpforms-field wpforms-field-textarea\" data-field-id=\"2\"><label class=\"wpforms-field-label\" for=\"wpforms-799-field_2\">Mensagem<\/label><textarea id=\"wpforms-799-field_2\" class=\"wpforms-field-medium\" name=\"wpforms[fields][2]\" aria-errormessage=\"wpforms-799-field_2-error\" ><\/textarea><\/div><\/div><!-- .wpforms-field-container --><div class=\"wpforms-submit-container\" ><input type=\"hidden\" name=\"wpforms[id]\" value=\"799\"><input type=\"hidden\" name=\"wpforms[author]\" value=\"1\"><button type=\"submit\" name=\"wpforms[submit]\" id=\"wpforms-submit-799\" class=\"wpforms-submit\" data-alt-text=\"Enviando\u2026\" data-submit-text=\"Enviar\" aria-live=\"assertive\" value=\"wpforms-submit\">Enviar<\/button><img decoding=\"async\" src=\"https:\/\/taplimeira.com.br\/wp-content\/plugins\/wpforms-lite\/assets\/images\/submit-spin.svg\" class=\"wpforms-submit-spinner\" style=\"display: none;\" width=\"26\" height=\"26\" alt=\"A Carregar\"><\/div><\/form><\/div>  <!-- .wpforms-container -->\t\t<\/div>\n\t\t\t\t<\/div>\n\t\t\t\t\t<\/div>\n\t\t<\/div>\n\t\t\t\t\t<\/div>\n\t\t<\/section>\n\t\t\t\t<\/div>\n\t\t","protected":false},"excerpt":{"rendered":"<p>PISO PASTILHADO O piso pastilhado, tamb\u00e9m conhecido como piso moeda \u00e9 fabricado com borracha antiderrapante e pode, portanto, ser utilizado em locais onde exista a possibilidade de presen\u00e7a de \u00e1gua, como academias ou clubes, por exemplo, pois sua superf\u00edcie \u00e9 bem aderente, diminuindo assim, qualquer risco de queda. O piso pastilhado \u00e9 um produto bastante [&hellip;]<\/p>\n","protected":false},"author":1,"featured_media":0,"parent":0,"menu_order":0,"comment_status":"closed","ping_status":"closed","template":"","meta":{"footnotes":""},"class_list":["post-508","page","type-page","status-publish","hentry","entry"],"yoast_head":"<!-- This site is optimized with the Yoast SEO plugin v21.5 - https:\/\/yoast.com\/wordpress\/plugins\/seo\/ -->\n<title>Piso Pastilhado - Tap Limeira | Tapetes Personalizados<\/title>\n<meta name=\"robots\" content=\"index, follow, max-snippet:-1, max-image-preview:large, max-video-preview:-1\" \/>\n<link rel=\"canonical\" href=\"https:\/\/taplimeira.com.br\/?page_id=508\" \/>\n<meta property=\"og:locale\" content=\"pt_BR\" \/>\n<meta property=\"og:type\" content=\"article\" \/>\n<meta property=\"og:title\" content=\"Piso Pastilhado - Tap Limeira | Tapetes Personalizados\" \/>\n<meta property=\"og:description\" content=\"PISO PASTILHADO O piso pastilhado, tamb\u00e9m conhecido como piso moeda \u00e9 fabricado com borracha antiderrapante e pode, portanto, ser utilizado em locais onde exista a possibilidade de presen\u00e7a de \u00e1gua, como academias ou clubes, por exemplo, pois sua superf\u00edcie \u00e9 bem aderente, diminuindo assim, qualquer risco de queda. O piso pastilhado \u00e9 um produto bastante [&hellip;]\" \/>\n<meta property=\"og:url\" content=\"https:\/\/taplimeira.com.br\/?page_id=508\" \/>\n<meta property=\"og:site_name\" content=\"Tap Limeira | Tapetes Personalizados\" \/>\n<meta property=\"article:publisher\" content=\"https:\/\/www.facebook.com\/Taplimeira\" \/>\n<meta property=\"article:modified_time\" content=\"2023-08-19T18:59:14+00:00\" \/>\n<meta property=\"og:image\" content=\"https:\/\/taplimeira.com.br\/wp-content\/uploads\/2023\/08\/piso-pastilhado-03.webp\" \/>\n<meta name=\"twitter:card\" content=\"summary_large_image\" \/>\n<meta name=\"twitter:label1\" content=\"Est. tempo de leitura\" \/>\n\t<meta name=\"twitter:data1\" content=\"2 minutos\" \/>\n<script type=\"application\/ld+json\" class=\"yoast-schema-graph\">{\"@context\":\"https:\/\/schema.org\",\"@graph\":[{\"@type\":\"WebPage\",\"@id\":\"https:\/\/taplimeira.com.br\/?page_id=508\",\"url\":\"https:\/\/taplimeira.com.br\/?page_id=508\",\"name\":\"Piso Pastilhado - Tap Limeira | Tapetes Personalizados\",\"isPartOf\":{\"@id\":\"https:\/\/taplimeira.com.br\/#website\"},\"datePublished\":\"2023-08-11T01:36:52+00:00\",\"dateModified\":\"2023-08-19T18:59:14+00:00\",\"breadcrumb\":{\"@id\":\"https:\/\/taplimeira.com.br\/?page_id=508#breadcrumb\"},\"inLanguage\":\"pt-BR\",\"potentialAction\":[{\"@type\":\"ReadAction\",\"target\":[\"https:\/\/taplimeira.com.br\/?page_id=508\"]}]},{\"@type\":\"BreadcrumbList\",\"@id\":\"https:\/\/taplimeira.com.br\/?page_id=508#breadcrumb\",\"itemListElement\":[{\"@type\":\"ListItem\",\"position\":1,\"name\":\"Home\",\"item\":\"https:\/\/taplimeira.com.br\/\"},{\"@type\":\"ListItem\",\"position\":2,\"name\":\"Piso Pastilhado\"}]},{\"@type\":\"WebSite\",\"@id\":\"https:\/\/taplimeira.com.br\/#website\",\"url\":\"https:\/\/taplimeira.com.br\/\",\"name\":\"Tap Limeira | Tapetes Personalizados\",\"description\":\"Impressione as visitas desde a chegada personalizando o tapete da sua empresa.\",\"publisher\":{\"@id\":\"https:\/\/taplimeira.com.br\/#organization\"},\"potentialAction\":[{\"@type\":\"SearchAction\",\"target\":{\"@type\":\"EntryPoint\",\"urlTemplate\":\"https:\/\/taplimeira.com.br\/?s={search_term_string}\"},\"query-input\":\"required name=search_term_string\"}],\"inLanguage\":\"pt-BR\"},{\"@type\":\"Organization\",\"@id\":\"https:\/\/taplimeira.com.br\/#organization\",\"name\":\"Tap Limeira | Tapetes Personalizados\",\"url\":\"https:\/\/taplimeira.com.br\/\",\"logo\":{\"@type\":\"ImageObject\",\"inLanguage\":\"pt-BR\",\"@id\":\"https:\/\/taplimeira.com.br\/#\/schema\/logo\/image\/\",\"url\":\"https:\/\/taplimeira.com.br\/wp-content\/uploads\/2023\/08\/cropped-LOGOTIPO-branco-TAPLIMEIRA-300x80-300dpi-pequen-1.png\",\"contentUrl\":\"https:\/\/taplimeira.com.br\/wp-content\/uploads\/2023\/08\/cropped-LOGOTIPO-branco-TAPLIMEIRA-300x80-300dpi-pequen-1.png\",\"width\":242,\"height\":66,\"caption\":\"Tap Limeira | Tapetes Personalizados\"},\"image\":{\"@id\":\"https:\/\/taplimeira.com.br\/#\/schema\/logo\/image\/\"},\"sameAs\":[\"https:\/\/www.facebook.com\/Taplimeira\",\"https:\/\/www.instagram.com\/taplimeira\"]}]}<\/script>\n<!-- \/ Yoast SEO plugin. -->","yoast_head_json":{"title":"Piso Pastilhado - Tap Limeira | Tapetes Personalizados","robots":{"index":"index","follow":"follow","max-snippet":"max-snippet:-1","max-image-preview":"max-image-preview:large","max-video-preview":"max-video-preview:-1"},"canonical":"https:\/\/taplimeira.com.br\/?page_id=508","og_locale":"pt_BR","og_type":"article","og_title":"Piso Pastilhado - Tap Limeira | Tapetes Personalizados","og_description":"PISO PASTILHADO O piso pastilhado, tamb\u00e9m conhecido como piso moeda \u00e9 fabricado com borracha antiderrapante e pode, portanto, ser utilizado em locais onde exista a possibilidade de presen\u00e7a de \u00e1gua, como academias ou clubes, por exemplo, pois sua superf\u00edcie \u00e9 bem aderente, diminuindo assim, qualquer risco de queda. O piso pastilhado \u00e9 um produto bastante [&hellip;]","og_url":"https:\/\/taplimeira.com.br\/?page_id=508","og_site_name":"Tap Limeira | Tapetes Personalizados","article_publisher":"https:\/\/www.facebook.com\/Taplimeira","article_modified_time":"2023-08-19T18:59:14+00:00","og_image":[{"url":"https:\/\/taplimeira.com.br\/wp-content\/uploads\/2023\/08\/piso-pastilhado-03.webp"}],"twitter_card":"summary_large_image","twitter_misc":{"Est. tempo de leitura":"2 minutos"},"schema":{"@context":"https:\/\/schema.org","@graph":[{"@type":"WebPage","@id":"https:\/\/taplimeira.com.br\/?page_id=508","url":"https:\/\/taplimeira.com.br\/?page_id=508","name":"Piso Pastilhado - Tap Limeira | Tapetes Personalizados","isPartOf":{"@id":"https:\/\/taplimeira.com.br\/#website"},"datePublished":"2023-08-11T01:36:52+00:00","dateModified":"2023-08-19T18:59:14+00:00","breadcrumb":{"@id":"https:\/\/taplimeira.com.br\/?page_id=508#breadcrumb"},"inLanguage":"pt-BR","potentialAction":[{"@type":"ReadAction","target":["https:\/\/taplimeira.com.br\/?page_id=508"]}]},{"@type":"BreadcrumbList","@id":"https:\/\/taplimeira.com.br\/?page_id=508#breadcrumb","itemListElement":[{"@type":"ListItem","position":1,"name":"Home","item":"https:\/\/taplimeira.com.br\/"},{"@type":"ListItem","position":2,"name":"Piso Pastilhado"}]},{"@type":"WebSite","@id":"https:\/\/taplimeira.com.br\/#website","url":"https:\/\/taplimeira.com.br\/","name":"Tap Limeira | Tapetes Personalizados","description":"Impressione as visitas desde a chegada personalizando o tapete da sua empresa.","publisher":{"@id":"https:\/\/taplimeira.com.br\/#organization"},"potentialAction":[{"@type":"SearchAction","target":{"@type":"EntryPoint","urlTemplate":"https:\/\/taplimeira.com.br\/?s={search_term_string}"},"query-input":"required name=search_term_string"}],"inLanguage":"pt-BR"},{"@type":"Organization","@id":"https:\/\/taplimeira.com.br\/#organization","name":"Tap Limeira | Tapetes Personalizados","url":"https:\/\/taplimeira.com.br\/","logo":{"@type":"ImageObject","inLanguage":"pt-BR","@id":"https:\/\/taplimeira.com.br\/#\/schema\/logo\/image\/","url":"https:\/\/taplimeira.com.br\/wp-content\/uploads\/2023\/08\/cropped-LOGOTIPO-branco-TAPLIMEIRA-300x80-300dpi-pequen-1.png","contentUrl":"https:\/\/taplimeira.com.br\/wp-content\/uploads\/2023\/08\/cropped-LOGOTIPO-branco-TAPLIMEIRA-300x80-300dpi-pequen-1.png","width":242,"height":66,"caption":"Tap Limeira | Tapetes Personalizados"},"image":{"@id":"https:\/\/taplimeira.com.br\/#\/schema\/logo\/image\/"},"sameAs":["https:\/\/www.facebook.com\/Taplimeira","https:\/\/www.instagram.com\/taplimeira"]}]}},"_links":{"self":[{"href":"https:\/\/taplimeira.com.br\/index.php?rest_route=\/wp\/v2\/pages\/508","targetHints":{"allow":["GET"]}}],"collection":[{"href":"https:\/\/taplimeira.com.br\/index.php?rest_route=\/wp\/v2\/pages"}],"about":[{"href":"https:\/\/taplimeira.com.br\/index.php?rest_route=\/wp\/v2\/types\/page"}],"author":[{"embeddable":true,"href":"https:\/\/taplimeira.com.br\/index.php?rest_route=\/wp\/v2\/users\/1"}],"replies":[{"embeddable":true,"href":"https:\/\/taplimeira.com.br\/index.php?rest_route=%2Fwp%2Fv2%2Fcomments&post=508"}],"version-history":[{"count":31,"href":"https:\/\/taplimeira.com.br\/index.php?rest_route=\/wp\/v2\/pages\/508\/revisions"}],"predecessor-version":[{"id":888,"href":"https:\/\/taplimeira.com.br\/index.php?rest_route=\/wp\/v2\/pages\/508\/revisions\/888"}],"wp:attachment":[{"href":"https:\/\/taplimeira.com.br\/index.php?rest_route=%2Fwp%2Fv2%2Fmedia&parent=508"}],"curies":[{"name":"wp","href":"https:\/\/api.w.org\/{rel}","templated":true}]}}