{"id":515,"date":"2023-08-11T01:39:45","date_gmt":"2023-08-11T01:39:45","guid":{"rendered":"https:\/\/taplimeira.com.br\/?page_id=515"},"modified":"2023-08-19T18:59:36","modified_gmt":"2023-08-19T18:59:36","slug":"grama-sintetica","status":"publish","type":"page","link":"https:\/\/taplimeira.com.br\/?page_id=515","title":{"rendered":"Grama Sint\u00e9tica"},"content":{"rendered":"\t\t<div data-elementor-type=\"wp-post\" data-elementor-id=\"515\" class=\"elementor elementor-515\">\n\t\t\t\t\t\t<section class=\"elementor-section elementor-top-section elementor-element elementor-element-b8f3f79 elementor-section-boxed elementor-section-height-default elementor-section-height-default\" data-id=\"b8f3f79\" data-element_type=\"section\" data-settings=\"{&quot;background_background&quot;:&quot;classic&quot;}\">\n\t\t\t\t\t\t\t<div class=\"elementor-background-overlay\"><\/div>\n\t\t\t\t\t\t\t<div class=\"elementor-container elementor-column-gap-default\">\n\t\t\t\t\t<div class=\"elementor-column elementor-col-100 elementor-top-column elementor-element elementor-element-11e2f7a\" data-id=\"11e2f7a\" data-element_type=\"column\">\n\t\t\t<div class=\"elementor-widget-wrap elementor-element-populated\">\n\t\t\t\t\t\t<div class=\"elementor-element elementor-element-705ee88 elementor-widget elementor-widget-spacer\" data-id=\"705ee88\" data-element_type=\"widget\" data-widget_type=\"spacer.default\">\n\t\t\t\t<div class=\"elementor-widget-container\">\n\t\t\t<style>\/*! elementor - v3.19.0 - 05-02-2024 *\/\n.elementor-column .elementor-spacer-inner{height:var(--spacer-size)}.e-con{--container-widget-width:100%}.e-con-inner>.elementor-widget-spacer,.e-con>.elementor-widget-spacer{width:var(--container-widget-width,var(--spacer-size));--align-self:var(--container-widget-align-self,initial);--flex-shrink:0}.e-con-inner>.elementor-widget-spacer>.elementor-widget-container,.e-con>.elementor-widget-spacer>.elementor-widget-container{height:100%;width:100%}.e-con-inner>.elementor-widget-spacer>.elementor-widget-container>.elementor-spacer,.e-con>.elementor-widget-spacer>.elementor-widget-container>.elementor-spacer{height:100%}.e-con-inner>.elementor-widget-spacer>.elementor-widget-container>.elementor-spacer>.elementor-spacer-inner,.e-con>.elementor-widget-spacer>.elementor-widget-container>.elementor-spacer>.elementor-spacer-inner{height:var(--container-widget-height,var(--spacer-size))}.e-con-inner>.elementor-widget-spacer.elementor-widget-empty,.e-con>.elementor-widget-spacer.elementor-widget-empty{position:relative;min-height:22px;min-width:22px}.e-con-inner>.elementor-widget-spacer.elementor-widget-empty .elementor-widget-empty-icon,.e-con>.elementor-widget-spacer.elementor-widget-empty .elementor-widget-empty-icon{position:absolute;top:0;bottom:0;left:0;right:0;margin:auto;padding:0;width:22px;height:22px}<\/style>\t\t<div class=\"elementor-spacer\">\n\t\t\t<div class=\"elementor-spacer-inner\"><\/div>\n\t\t<\/div>\n\t\t\t\t<\/div>\n\t\t\t\t<\/div>\n\t\t\t\t<div class=\"elementor-element elementor-element-59050e2 elementor-widget elementor-widget-heading\" data-id=\"59050e2\" data-element_type=\"widget\" data-widget_type=\"heading.default\">\n\t\t\t\t<div class=\"elementor-widget-container\">\n\t\t\t<style>\/*! elementor - v3.19.0 - 05-02-2024 *\/\n.elementor-heading-title{padding:0;margin:0;line-height:1}.elementor-widget-heading .elementor-heading-title[class*=elementor-size-]>a{color:inherit;font-size:inherit;line-height:inherit}.elementor-widget-heading .elementor-heading-title.elementor-size-small{font-size:15px}.elementor-widget-heading .elementor-heading-title.elementor-size-medium{font-size:19px}.elementor-widget-heading .elementor-heading-title.elementor-size-large{font-size:29px}.elementor-widget-heading .elementor-heading-title.elementor-size-xl{font-size:39px}.elementor-widget-heading .elementor-heading-title.elementor-size-xxl{font-size:59px}<\/style><h1 class=\"elementor-heading-title elementor-size-large\">GRAMA SINT\u00c9TICA<\/h1>\t\t<\/div>\n\t\t\t\t<\/div>\n\t\t\t\t<div class=\"elementor-element elementor-element-9f01ebb elementor-widget__width-inherit elementor-widget elementor-widget-text-editor\" data-id=\"9f01ebb\" data-element_type=\"widget\" data-widget_type=\"text-editor.default\">\n\t\t\t\t<div class=\"elementor-widget-container\">\n\t\t\t<style>\/*! elementor - v3.19.0 - 05-02-2024 *\/\n.elementor-widget-text-editor.elementor-drop-cap-view-stacked .elementor-drop-cap{background-color:#69727d;color:#fff}.elementor-widget-text-editor.elementor-drop-cap-view-framed .elementor-drop-cap{color:#69727d;border:3px solid;background-color:transparent}.elementor-widget-text-editor:not(.elementor-drop-cap-view-default) .elementor-drop-cap{margin-top:8px}.elementor-widget-text-editor:not(.elementor-drop-cap-view-default) .elementor-drop-cap-letter{width:1em;height:1em}.elementor-widget-text-editor .elementor-drop-cap{float:left;text-align:center;line-height:1;font-size:50px}.elementor-widget-text-editor .elementor-drop-cap-letter{display:inline-block}<\/style>\t\t\t\t<p>Voc\u00ea n\u00e3o precisa mais se preocupar com clima, manuten\u00e7\u00e3o, gastos com cortes ou aduba\u00e7\u00e3o. As Gramas Sint\u00e9ticas, possuem apar\u00eancia natural e\u00a0 possibilitam in\u00fameros benef\u00edcios com a economia de tempo, dinheiro e preocupa\u00e7\u00e3o a longo prazo.<\/p><p><span style=\"font-size: 15px;\">Com espessuras variadas, as gramas sint\u00e9ticas, s\u00e3o fabricadas 100% em polipropileno, o que garante resist\u00eancia, durabilidade e limpeza.<\/span><\/p><p><span style=\"font-size: 15px;\">A facilidade na aplica\u00e7\u00e3o contribui para que voc\u00ea possa usar as gramas sint\u00e9ticas nos mais diversos espa\u00e7os. S\u00e3o perfeitas para \u00e1reas externas pois logo ap\u00f3s a chuva pode ser usada novamente pois n\u00e3o existir\u00e1 sujeita ou lama. Por n\u00e3o precisar de manuten\u00e7\u00e3o, tamb\u00e9m combina perfeitamente com \u00e1reas internas como rampas \u00edngremes, locais sem ilumina\u00e7\u00e3o natural, quadras esportivas, quadras de recrea\u00e7\u00e3o infantil.<\/span><\/p>\t\t\t\t\t\t<\/div>\n\t\t\t\t<\/div>\n\t\t\t\t\t<\/div>\n\t\t<\/div>\n\t\t\t\t\t<\/div>\n\t\t<\/section>\n\t\t\t\t<section class=\"elementor-section elementor-top-section elementor-element elementor-element-af8acc0 elementor-section-boxed elementor-section-height-default elementor-section-height-default\" data-id=\"af8acc0\" data-element_type=\"section\" data-settings=\"{&quot;background_background&quot;:&quot;classic&quot;}\">\n\t\t\t\t\t\t\t<div class=\"elementor-background-overlay\"><\/div>\n\t\t\t\t\t\t\t<div class=\"elementor-container elementor-column-gap-default\">\n\t\t\t\t\t<div class=\"elementor-column elementor-col-50 elementor-top-column elementor-element elementor-element-bd54299\" data-id=\"bd54299\" data-element_type=\"column\">\n\t\t\t<div class=\"elementor-widget-wrap elementor-element-populated\">\n\t\t\t\t\t\t<div class=\"elementor-element elementor-element-696fc09 elementor-widget elementor-widget-image\" data-id=\"696fc09\" data-element_type=\"widget\" data-widget_type=\"image.default\">\n\t\t\t\t<div class=\"elementor-widget-container\">\n\t\t\t<style>\/*! elementor - v3.19.0 - 05-02-2024 *\/\n.elementor-widget-image{text-align:center}.elementor-widget-image a{display:inline-block}.elementor-widget-image a img[src$=\".svg\"]{width:48px}.elementor-widget-image img{vertical-align:middle;display:inline-block}<\/style>\t\t\t\t\t\t\t\t\t\t\t<a href=\"https:\/\/taplimeira.com.br\/wp-content\/uploads\/2023\/08\/unnamed-2.webp\" data-elementor-open-lightbox=\"yes\" data-elementor-lightbox-title=\"unnamed (2)\" data-e-action-hash=\"#elementor-action%3Aaction%3Dlightbox%26settings%3DeyJpZCI6NTE4LCJ1cmwiOiJodHRwczpcL1wvdGFwbGltZWlyYS5jb20uYnJcL3dwLWNvbnRlbnRcL3VwbG9hZHNcLzIwMjNcLzA4XC91bm5hbWVkLTIud2VicCJ9\">\n\t\t\t\t\t\t\t<img fetchpriority=\"high\" decoding=\"async\" width=\"269\" height=\"267\" src=\"https:\/\/taplimeira.com.br\/wp-content\/uploads\/2023\/08\/unnamed-2.webp\" class=\"attachment-full size-full wp-image-518\" alt=\"\" srcset=\"https:\/\/taplimeira.com.br\/wp-content\/uploads\/2023\/08\/unnamed-2.webp 269w, https:\/\/taplimeira.com.br\/wp-content\/uploads\/2023\/08\/unnamed-2-150x150.webp 150w\" sizes=\"(max-width: 269px) 100vw, 269px\" \/>\t\t\t\t\t\t\t\t<\/a>\n\t\t\t\t\t\t\t\t\t\t\t\t\t<\/div>\n\t\t\t\t<\/div>\n\t\t\t\t\t<\/div>\n\t\t<\/div>\n\t\t\t\t<div class=\"elementor-column elementor-col-50 elementor-top-column elementor-element elementor-element-c807cda\" data-id=\"c807cda\" data-element_type=\"column\">\n\t\t\t<div class=\"elementor-widget-wrap elementor-element-populated\">\n\t\t\t\t\t\t<div class=\"elementor-element elementor-element-2704d1d elementor-widget elementor-widget-image\" data-id=\"2704d1d\" data-element_type=\"widget\" data-widget_type=\"image.default\">\n\t\t\t\t<div class=\"elementor-widget-container\">\n\t\t\t\t\t\t\t\t\t\t\t\t\t\t<a href=\"https:\/\/taplimeira.com.br\/wp-content\/uploads\/2023\/08\/tapete-grama-sintetica-1-m-decoracaodefe.webp\" data-elementor-open-lightbox=\"yes\" data-elementor-lightbox-title=\"tapete-grama-sintetica-1-m-decoracaodefe\" data-e-action-hash=\"#elementor-action%3Aaction%3Dlightbox%26settings%3DeyJpZCI6NTE3LCJ1cmwiOiJodHRwczpcL1wvdGFwbGltZWlyYS5jb20uYnJcL3dwLWNvbnRlbnRcL3VwbG9hZHNcLzIwMjNcLzA4XC90YXBldGUtZ3JhbWEtc2ludGV0aWNhLTEtbS1kZWNvcmFjYW9kZWZlLndlYnAifQ%3D%3D\">\n\t\t\t\t\t\t\t<img decoding=\"async\" width=\"310\" height=\"190\" src=\"https:\/\/taplimeira.com.br\/wp-content\/uploads\/2023\/08\/tapete-grama-sintetica-1-m-decoracaodefe.webp\" class=\"attachment-full size-full wp-image-517\" alt=\"\" srcset=\"https:\/\/taplimeira.com.br\/wp-content\/uploads\/2023\/08\/tapete-grama-sintetica-1-m-decoracaodefe.webp 310w, https:\/\/taplimeira.com.br\/wp-content\/uploads\/2023\/08\/tapete-grama-sintetica-1-m-decoracaodefe-300x184.webp 300w\" sizes=\"(max-width: 310px) 100vw, 310px\" \/>\t\t\t\t\t\t\t\t<\/a>\n\t\t\t\t\t\t\t\t\t\t\t\t\t<\/div>\n\t\t\t\t<\/div>\n\t\t\t\t\t<\/div>\n\t\t<\/div>\n\t\t\t\t\t<\/div>\n\t\t<\/section>\n\t\t\t\t<section class=\"elementor-section elementor-top-section elementor-element elementor-element-dc31cf5 elementor-section-boxed elementor-section-height-default elementor-section-height-default\" data-id=\"dc31cf5\" data-element_type=\"section\" data-settings=\"{&quot;background_background&quot;:&quot;classic&quot;}\">\n\t\t\t\t\t\t<div class=\"elementor-container elementor-column-gap-default\">\n\t\t\t\t\t<div class=\"elementor-column elementor-col-100 elementor-top-column elementor-element elementor-element-be41311\" data-id=\"be41311\" data-element_type=\"column\">\n\t\t\t<div class=\"elementor-widget-wrap elementor-element-populated\">\n\t\t\t\t\t\t<div class=\"elementor-element elementor-element-d83ee89 elementor-widget elementor-widget-spacer\" data-id=\"d83ee89\" data-element_type=\"widget\" data-widget_type=\"spacer.default\">\n\t\t\t\t<div class=\"elementor-widget-container\">\n\t\t\t\t\t<div class=\"elementor-spacer\">\n\t\t\t<div class=\"elementor-spacer-inner\"><\/div>\n\t\t<\/div>\n\t\t\t\t<\/div>\n\t\t\t\t<\/div>\n\t\t\t\t<div class=\"elementor-element elementor-element-0ee0451 elementor-widget elementor-widget-heading\" data-id=\"0ee0451\" data-element_type=\"widget\" data-widget_type=\"heading.default\">\n\t\t\t\t<div class=\"elementor-widget-container\">\n\t\t\t<h2 class=\"elementor-heading-title elementor-size-default\"><h2 data-elementor-setting-key=\"title\" data-pen-placeholder=\"Digite aqui...\" style=\"font-variant-ligatures: normal; font-variant-caps: normal; font-style: normal;\"><\/h2><h2 data-elementor-setting-key=\"title\" data-pen-placeholder=\"Digite aqui...\" style=\"font-variant-ligatures: normal; font-variant-caps: normal; font-size: 25px; font-style: normal; color: var( --e-global-color-eea9a65 );\">Preencha o Formul\u00e1rio abaixo e receba um or\u00e7amento rapidamente:<\/h2><\/h2>\t\t<\/div>\n\t\t\t\t<\/div>\n\t\t\t\t\t<\/div>\n\t\t<\/div>\n\t\t\t\t\t<\/div>\n\t\t<\/section>\n\t\t\t\t<section class=\"elementor-section elementor-top-section elementor-element elementor-element-0ceeb0a elementor-section-boxed elementor-section-height-default elementor-section-height-default\" data-id=\"0ceeb0a\" data-element_type=\"section\" data-settings=\"{&quot;background_background&quot;:&quot;classic&quot;}\">\n\t\t\t\t\t\t<div class=\"elementor-container elementor-column-gap-default\">\n\t\t\t\t\t<div class=\"elementor-column elementor-col-100 elementor-top-column elementor-element elementor-element-a9e2742\" data-id=\"a9e2742\" data-element_type=\"column\">\n\t\t\t<div class=\"elementor-widget-wrap elementor-element-populated\">\n\t\t\t\t\t\t<div class=\"elementor-element elementor-element-3f8c89f elementor-widget elementor-widget-wpforms\" data-id=\"3f8c89f\" data-element_type=\"widget\" data-widget_type=\"wpforms.default\">\n\t\t\t\t<div class=\"elementor-widget-container\">\n\t\t\t<style id=\"wpforms-css-vars-root\">\n\t\t\t\t:root {\n\t\t\t\t\t--wpforms-field-border-radius: 3px;\n--wpforms-field-background-color: #ffffff;\n--wpforms-field-border-color: rgba( 0, 0, 0, 0.25 );\n--wpforms-field-text-color: rgba( 0, 0, 0, 0.7 );\n--wpforms-label-color: rgba( 0, 0, 0, 0.85 );\n--wpforms-label-sublabel-color: rgba( 0, 0, 0, 0.55 );\n--wpforms-label-error-color: #d63637;\n--wpforms-button-border-radius: 3px;\n--wpforms-button-background-color: #066aab;\n--wpforms-button-text-color: #ffffff;\n--wpforms-field-size-input-height: 43px;\n--wpforms-field-size-input-spacing: 15px;\n--wpforms-field-size-font-size: 16px;\n--wpforms-field-size-line-height: 19px;\n--wpforms-field-size-padding-h: 14px;\n--wpforms-field-size-checkbox-size: 16px;\n--wpforms-field-size-sublabel-spacing: 5px;\n--wpforms-field-size-icon-size: 1;\n--wpforms-label-size-font-size: 16px;\n--wpforms-label-size-line-height: 19px;\n--wpforms-label-size-sublabel-font-size: 14px;\n--wpforms-label-size-sublabel-line-height: 17px;\n--wpforms-button-size-font-size: 17px;\n--wpforms-button-size-height: 41px;\n--wpforms-button-size-padding-h: 15px;\n--wpforms-button-size-margin-top: 10px;\n\n\t\t\t\t}\n\t\t\t<\/style><style id=\"wpforms-css-vars-elementor-widget-3f8c89f\">\n\t\t\t\t.elementor-widget-wpforms.elementor-element-3f8c89f {\n\t\t\t\t\t--wpforms-field-size-input-height: 43px;\n--wpforms-field-size-input-spacing: 15px;\n--wpforms-field-size-font-size: 16px;\n--wpforms-field-size-line-height: 19px;\n--wpforms-field-size-padding-h: 14px;\n--wpforms-field-size-checkbox-size: 16px;\n--wpforms-field-size-sublabel-spacing: 5px;\n--wpforms-field-size-icon-size: 1;\n--wpforms-label-size-font-size: 16px;\n--wpforms-label-size-line-height: 19px;\n--wpforms-label-size-sublabel-font-size: 14px;\n--wpforms-label-size-sublabel-line-height: 17px;\n--wpforms-button-size-font-size: 17px;\n--wpforms-button-size-height: 41px;\n--wpforms-button-size-padding-h: 15px;\n--wpforms-button-size-margin-top: 10px;\n\n\t\t\t\t}\n\t\t\t<\/style><div class=\"wpforms-container wpforms-container-full wpforms-render-modern\" id=\"wpforms-811\"><form id=\"wpforms-form-811\" class=\"wpforms-validate wpforms-form wpforms-ajax-form\" data-formid=\"811\" method=\"post\" enctype=\"multipart\/form-data\" action=\"\/index.php?rest_route=%2Fwp%2Fv2%2Fpages%2F515\" data-token=\"71d50ada3948b13d9e344128ad572fe2\"><noscript class=\"wpforms-error-noscript\">Ative o JavaScript no seu navegador para preencher este formul\u00e1rio.<\/noscript><div class=\"wpforms-hidden\" id=\"wpforms-error-noscript\">Ative o JavaScript no seu navegador para preencher este formul\u00e1rio.<\/div><div class=\"wpforms-field-container\"><div id=\"wpforms-811-field_0-container\" class=\"wpforms-field wpforms-field-name\" data-field-id=\"0\"><label class=\"wpforms-field-label\" for=\"wpforms-811-field_0\">Nome <span class=\"wpforms-required-label\" aria-hidden=\"true\">*<\/span><\/label><input type=\"text\" id=\"wpforms-811-field_0\" class=\"wpforms-field-medium wpforms-field-required\" name=\"wpforms[fields][0]\" aria-errormessage=\"wpforms-811-field_0-error\" required><\/div><div id=\"wpforms-811-field_4-container\" class=\"wpforms-field wpforms-field-text\" data-field-id=\"4\"><label class=\"wpforms-field-label\" for=\"wpforms-811-field_4\">E-mail <span class=\"wpforms-required-label\" aria-hidden=\"true\">*<\/span><\/label><input type=\"text\" id=\"wpforms-811-field_4\" class=\"wpforms-field-medium wpforms-field-required\" name=\"wpforms[fields][4]\" aria-errormessage=\"wpforms-811-field_4-error\" required><\/div><div id=\"wpforms-811-field_3-container\" class=\"wpforms-field wpforms-field-text\" data-field-id=\"3\"><label class=\"wpforms-field-label\" for=\"wpforms-811-field_3\">Telefone <span class=\"wpforms-required-label\" aria-hidden=\"true\">*<\/span><\/label><input type=\"text\" id=\"wpforms-811-field_3\" class=\"wpforms-field-medium wpforms-field-required\" name=\"wpforms[fields][3]\" aria-errormessage=\"wpforms-811-field_3-error\" required><\/div><div id=\"wpforms-811-field_2-container\" class=\"wpforms-field wpforms-field-textarea\" data-field-id=\"2\"><label class=\"wpforms-field-label\" for=\"wpforms-811-field_2\">Mensagem<\/label><textarea id=\"wpforms-811-field_2\" class=\"wpforms-field-medium\" name=\"wpforms[fields][2]\" aria-errormessage=\"wpforms-811-field_2-error\" ><\/textarea><\/div><\/div><!-- .wpforms-field-container --><div class=\"wpforms-submit-container\" ><input type=\"hidden\" name=\"wpforms[id]\" value=\"811\"><input type=\"hidden\" name=\"wpforms[author]\" value=\"1\"><button type=\"submit\" name=\"wpforms[submit]\" id=\"wpforms-submit-811\" class=\"wpforms-submit\" data-alt-text=\"Enviando\u2026\" data-submit-text=\"Enviar\" aria-live=\"assertive\" value=\"wpforms-submit\">Enviar<\/button><img decoding=\"async\" src=\"https:\/\/taplimeira.com.br\/wp-content\/plugins\/wpforms-lite\/assets\/images\/submit-spin.svg\" class=\"wpforms-submit-spinner\" style=\"display: none;\" width=\"26\" height=\"26\" alt=\"A Carregar\"><\/div><\/form><\/div>  <!-- .wpforms-container -->\t\t<\/div>\n\t\t\t\t<\/div>\n\t\t\t\t\t<\/div>\n\t\t<\/div>\n\t\t\t\t\t<\/div>\n\t\t<\/section>\n\t\t\t\t<\/div>\n\t\t","protected":false},"excerpt":{"rendered":"<p>GRAMA SINT\u00c9TICA Voc\u00ea n\u00e3o precisa mais se preocupar com clima, manuten\u00e7\u00e3o, gastos com cortes ou aduba\u00e7\u00e3o. As Gramas Sint\u00e9ticas, possuem apar\u00eancia natural e\u00a0 possibilitam in\u00fameros benef\u00edcios com a economia de tempo, dinheiro e preocupa\u00e7\u00e3o a longo prazo. Com espessuras variadas, as gramas sint\u00e9ticas, s\u00e3o fabricadas 100% em polipropileno, o que garante resist\u00eancia, durabilidade e limpeza. [&hellip;]<\/p>\n","protected":false},"author":1,"featured_media":0,"parent":0,"menu_order":0,"comment_status":"closed","ping_status":"closed","template":"","meta":{"footnotes":""},"class_list":["post-515","page","type-page","status-publish","hentry","entry"],"yoast_head":"<!-- This site is optimized with the Yoast SEO plugin v21.5 - https:\/\/yoast.com\/wordpress\/plugins\/seo\/ -->\n<title>Grama Sint\u00e9tica - Tap Limeira | Tapetes Personalizados<\/title>\n<meta name=\"robots\" content=\"index, follow, max-snippet:-1, max-image-preview:large, max-video-preview:-1\" \/>\n<link rel=\"canonical\" href=\"https:\/\/taplimeira.com.br\/?page_id=515\" \/>\n<meta property=\"og:locale\" content=\"pt_BR\" \/>\n<meta property=\"og:type\" content=\"article\" \/>\n<meta property=\"og:title\" content=\"Grama Sint\u00e9tica - Tap Limeira | Tapetes Personalizados\" \/>\n<meta property=\"og:description\" content=\"GRAMA SINT\u00c9TICA Voc\u00ea n\u00e3o precisa mais se preocupar com clima, manuten\u00e7\u00e3o, gastos com cortes ou aduba\u00e7\u00e3o. As Gramas Sint\u00e9ticas, possuem apar\u00eancia natural e\u00a0 possibilitam in\u00fameros benef\u00edcios com a economia de tempo, dinheiro e preocupa\u00e7\u00e3o a longo prazo. Com espessuras variadas, as gramas sint\u00e9ticas, s\u00e3o fabricadas 100% em polipropileno, o que garante resist\u00eancia, durabilidade e limpeza. [&hellip;]\" \/>\n<meta property=\"og:url\" content=\"https:\/\/taplimeira.com.br\/?page_id=515\" \/>\n<meta property=\"og:site_name\" content=\"Tap Limeira | Tapetes Personalizados\" \/>\n<meta property=\"article:publisher\" content=\"https:\/\/www.facebook.com\/Taplimeira\" \/>\n<meta property=\"article:modified_time\" content=\"2023-08-19T18:59:36+00:00\" \/>\n<meta property=\"og:image\" content=\"https:\/\/taplimeira.com.br\/wp-content\/uploads\/2023\/08\/unnamed-2.webp\" \/>\n<meta name=\"twitter:card\" content=\"summary_large_image\" \/>\n<meta name=\"twitter:label1\" content=\"Est. tempo de leitura\" \/>\n\t<meta name=\"twitter:data1\" content=\"2 minutos\" \/>\n<script type=\"application\/ld+json\" class=\"yoast-schema-graph\">{\"@context\":\"https:\/\/schema.org\",\"@graph\":[{\"@type\":\"WebPage\",\"@id\":\"https:\/\/taplimeira.com.br\/?page_id=515\",\"url\":\"https:\/\/taplimeira.com.br\/?page_id=515\",\"name\":\"Grama Sint\u00e9tica - Tap Limeira | Tapetes Personalizados\",\"isPartOf\":{\"@id\":\"https:\/\/taplimeira.com.br\/#website\"},\"datePublished\":\"2023-08-11T01:39:45+00:00\",\"dateModified\":\"2023-08-19T18:59:36+00:00\",\"breadcrumb\":{\"@id\":\"https:\/\/taplimeira.com.br\/?page_id=515#breadcrumb\"},\"inLanguage\":\"pt-BR\",\"potentialAction\":[{\"@type\":\"ReadAction\",\"target\":[\"https:\/\/taplimeira.com.br\/?page_id=515\"]}]},{\"@type\":\"BreadcrumbList\",\"@id\":\"https:\/\/taplimeira.com.br\/?page_id=515#breadcrumb\",\"itemListElement\":[{\"@type\":\"ListItem\",\"position\":1,\"name\":\"Home\",\"item\":\"https:\/\/taplimeira.com.br\/\"},{\"@type\":\"ListItem\",\"position\":2,\"name\":\"Grama Sint\u00e9tica\"}]},{\"@type\":\"WebSite\",\"@id\":\"https:\/\/taplimeira.com.br\/#website\",\"url\":\"https:\/\/taplimeira.com.br\/\",\"name\":\"Tap Limeira | Tapetes Personalizados\",\"description\":\"Impressione as visitas desde a chegada personalizando o tapete da sua empresa.\",\"publisher\":{\"@id\":\"https:\/\/taplimeira.com.br\/#organization\"},\"potentialAction\":[{\"@type\":\"SearchAction\",\"target\":{\"@type\":\"EntryPoint\",\"urlTemplate\":\"https:\/\/taplimeira.com.br\/?s={search_term_string}\"},\"query-input\":\"required name=search_term_string\"}],\"inLanguage\":\"pt-BR\"},{\"@type\":\"Organization\",\"@id\":\"https:\/\/taplimeira.com.br\/#organization\",\"name\":\"Tap Limeira | Tapetes Personalizados\",\"url\":\"https:\/\/taplimeira.com.br\/\",\"logo\":{\"@type\":\"ImageObject\",\"inLanguage\":\"pt-BR\",\"@id\":\"https:\/\/taplimeira.com.br\/#\/schema\/logo\/image\/\",\"url\":\"https:\/\/taplimeira.com.br\/wp-content\/uploads\/2023\/08\/cropped-LOGOTIPO-branco-TAPLIMEIRA-300x80-300dpi-pequen-1.png\",\"contentUrl\":\"https:\/\/taplimeira.com.br\/wp-content\/uploads\/2023\/08\/cropped-LOGOTIPO-branco-TAPLIMEIRA-300x80-300dpi-pequen-1.png\",\"width\":242,\"height\":66,\"caption\":\"Tap Limeira | Tapetes Personalizados\"},\"image\":{\"@id\":\"https:\/\/taplimeira.com.br\/#\/schema\/logo\/image\/\"},\"sameAs\":[\"https:\/\/www.facebook.com\/Taplimeira\",\"https:\/\/www.instagram.com\/taplimeira\"]}]}<\/script>\n<!-- \/ Yoast SEO plugin. -->","yoast_head_json":{"title":"Grama Sint\u00e9tica - Tap Limeira | Tapetes Personalizados","robots":{"index":"index","follow":"follow","max-snippet":"max-snippet:-1","max-image-preview":"max-image-preview:large","max-video-preview":"max-video-preview:-1"},"canonical":"https:\/\/taplimeira.com.br\/?page_id=515","og_locale":"pt_BR","og_type":"article","og_title":"Grama Sint\u00e9tica - Tap Limeira | Tapetes Personalizados","og_description":"GRAMA SINT\u00c9TICA Voc\u00ea n\u00e3o precisa mais se preocupar com clima, manuten\u00e7\u00e3o, gastos com cortes ou aduba\u00e7\u00e3o. As Gramas Sint\u00e9ticas, possuem apar\u00eancia natural e\u00a0 possibilitam in\u00fameros benef\u00edcios com a economia de tempo, dinheiro e preocupa\u00e7\u00e3o a longo prazo. Com espessuras variadas, as gramas sint\u00e9ticas, s\u00e3o fabricadas 100% em polipropileno, o que garante resist\u00eancia, durabilidade e limpeza. [&hellip;]","og_url":"https:\/\/taplimeira.com.br\/?page_id=515","og_site_name":"Tap Limeira | Tapetes Personalizados","article_publisher":"https:\/\/www.facebook.com\/Taplimeira","article_modified_time":"2023-08-19T18:59:36+00:00","og_image":[{"url":"https:\/\/taplimeira.com.br\/wp-content\/uploads\/2023\/08\/unnamed-2.webp"}],"twitter_card":"summary_large_image","twitter_misc":{"Est. tempo de leitura":"2 minutos"},"schema":{"@context":"https:\/\/schema.org","@graph":[{"@type":"WebPage","@id":"https:\/\/taplimeira.com.br\/?page_id=515","url":"https:\/\/taplimeira.com.br\/?page_id=515","name":"Grama Sint\u00e9tica - Tap Limeira | Tapetes Personalizados","isPartOf":{"@id":"https:\/\/taplimeira.com.br\/#website"},"datePublished":"2023-08-11T01:39:45+00:00","dateModified":"2023-08-19T18:59:36+00:00","breadcrumb":{"@id":"https:\/\/taplimeira.com.br\/?page_id=515#breadcrumb"},"inLanguage":"pt-BR","potentialAction":[{"@type":"ReadAction","target":["https:\/\/taplimeira.com.br\/?page_id=515"]}]},{"@type":"BreadcrumbList","@id":"https:\/\/taplimeira.com.br\/?page_id=515#breadcrumb","itemListElement":[{"@type":"ListItem","position":1,"name":"Home","item":"https:\/\/taplimeira.com.br\/"},{"@type":"ListItem","position":2,"name":"Grama Sint\u00e9tica"}]},{"@type":"WebSite","@id":"https:\/\/taplimeira.com.br\/#website","url":"https:\/\/taplimeira.com.br\/","name":"Tap Limeira | Tapetes Personalizados","description":"Impressione as visitas desde a chegada personalizando o tapete da sua empresa.","publisher":{"@id":"https:\/\/taplimeira.com.br\/#organization"},"potentialAction":[{"@type":"SearchAction","target":{"@type":"EntryPoint","urlTemplate":"https:\/\/taplimeira.com.br\/?s={search_term_string}"},"query-input":"required name=search_term_string"}],"inLanguage":"pt-BR"},{"@type":"Organization","@id":"https:\/\/taplimeira.com.br\/#organization","name":"Tap Limeira | Tapetes Personalizados","url":"https:\/\/taplimeira.com.br\/","logo":{"@type":"ImageObject","inLanguage":"pt-BR","@id":"https:\/\/taplimeira.com.br\/#\/schema\/logo\/image\/","url":"https:\/\/taplimeira.com.br\/wp-content\/uploads\/2023\/08\/cropped-LOGOTIPO-branco-TAPLIMEIRA-300x80-300dpi-pequen-1.png","contentUrl":"https:\/\/taplimeira.com.br\/wp-content\/uploads\/2023\/08\/cropped-LOGOTIPO-branco-TAPLIMEIRA-300x80-300dpi-pequen-1.png","width":242,"height":66,"caption":"Tap Limeira | Tapetes Personalizados"},"image":{"@id":"https:\/\/taplimeira.com.br\/#\/schema\/logo\/image\/"},"sameAs":["https:\/\/www.facebook.com\/Taplimeira","https:\/\/www.instagram.com\/taplimeira"]}]}},"_links":{"self":[{"href":"https:\/\/taplimeira.com.br\/index.php?rest_route=\/wp\/v2\/pages\/515","targetHints":{"allow":["GET"]}}],"collection":[{"href":"https:\/\/taplimeira.com.br\/index.php?rest_route=\/wp\/v2\/pages"}],"about":[{"href":"https:\/\/taplimeira.com.br\/index.php?rest_route=\/wp\/v2\/types\/page"}],"author":[{"embeddable":true,"href":"https:\/\/taplimeira.com.br\/index.php?rest_route=\/wp\/v2\/users\/1"}],"replies":[{"embeddable":true,"href":"https:\/\/taplimeira.com.br\/index.php?rest_route=%2Fwp%2Fv2%2Fcomments&post=515"}],"version-history":[{"count":22,"href":"https:\/\/taplimeira.com.br\/index.php?rest_route=\/wp\/v2\/pages\/515\/revisions"}],"predecessor-version":[{"id":891,"href":"https:\/\/taplimeira.com.br\/index.php?rest_route=\/wp\/v2\/pages\/515\/revisions\/891"}],"wp:attachment":[{"href":"https:\/\/taplimeira.com.br\/index.php?rest_route=%2Fwp%2Fv2%2Fmedia&parent=515"}],"curies":[{"name":"wp","href":"https:\/\/api.w.org\/{rel}","templated":true}]}}